{"id":2264,"date":"2020-06-05T12:34:35","date_gmt":"2020-06-05T10:34:35","guid":{"rendered":"https:\/\/oktaneum.de\/?page_id=2264"},"modified":"2021-04-08T14:43:11","modified_gmt":"2021-04-08T12:43:11","slug":"impressum","status":"publish","type":"page","link":"https:\/\/oktaneum.de\/index.php\/impressum\/","title":{"rendered":"Impressum"},"content":{"rendered":"<p style=\"text-align: left;\"><strong>Anbieter:<br \/>\n<\/strong><strong style=\"font-size: inherit;\">Oktaneum<br \/>\n<\/strong><strong style=\"font-size: inherit;\">Arndt Hovestadt<br \/>\n<\/strong><strong>Fresnostra\u00dfe 18<\/strong><br \/>\n<strong>48159 M\u00fcnster<\/strong><br \/>\n<strong>Telefon: 02512843232<\/strong><\/p>\n<p>&nbsp;<\/p>\n<p style=\"text-align: left;\"><strong>Kontakt:<br \/>\n<\/strong><strong style=\"font-size: inherit;\">Oktaneum<br \/>\n<\/strong><strong style=\"font-size: inherit;\">Arndt Hovestadt<br \/>\n<\/strong><strong style=\"font-size: inherit;\">Fresnostra\u00dfe 18<br \/>\n<\/strong><strong style=\"font-size: inherit;\">48159 M\u00fcnster<br \/>\n<\/strong><strong style=\"font-size: inherit;\">Telefon: 02512843030<\/strong><\/p>\n<p style=\"text-align: left;\">Verantwortlich nach \u00a7 6 Abs.2 MDStV<br \/>\nArndt Hovestadt<br \/>\nDISCLAIMER<br \/>\n1. Warnhinweis zu Inhalten<br \/>\nDie kostenlosen und frei zug\u00e4nglichen Inhalte dieser Webseite wurden mit gr\u00f6\u00dftm\u00f6glicher Sorgfalt erstellt. Der Anbieter dieser Webseite \u00fcbernimmt jedoch keine Gew\u00e4hr f\u00fcr die Richtigkeit und Aktualit\u00e4t der bereitgestellten kostenlosen und frei zug\u00e4nglichen journalistischen Ratgeber und Nachrichten. Namentlich gekennzeichnete Beitr\u00e4ge geben die Meinung des jeweiligen Autors und nicht immer die Meinung des Anbieters wieder. Allein durch den Aufruf der kostenlosen und frei zug\u00e4nglichen Inhalte kommt keinerlei Vertragsverh\u00e4ltnis zwischen dem Nutzer und dem Anbieter zustande, insoweit fehlt es am Rechtsbindungswillen des Anbieters.<br \/>\n2. Externe Links<br \/>\nDiese Website enth\u00e4lt Verkn\u00fcpfungen zu Websites Dritter (\u201eexterne Links\u201c). Diese Websites unterliegen der Haftung der jeweiligen Betreiber. Der Anbieter hat bei der erstmaligen Verkn\u00fcpfung der externen Links die fremden Inhalte daraufhin \u00fcberpr\u00fcft, ob etwaige Rechtsverst\u00f6\u00dfe bestehen. Zu dem Zeitpunkt waren keine Rechtsverst\u00f6\u00dfe ersichtlich. Der Anbieter hat keinerlei Einfluss auf die aktuelle und zuk\u00fcnftige Gestaltung und auf die Inhalte der verkn\u00fcpften Seiten. Das Setzen von externen Links bedeutet nicht, dass sich der Anbieter die hinter dem Verweis oder Link liegenden Inhalte zu Eigen macht. Eine st\u00e4ndige Kontrolle der externen Links ist f\u00fcr den Anbieter ohne konkrete Hinweise auf Rechtsverst\u00f6\u00dfe nicht zumutbar. Bei Kenntnis von Rechtsverst\u00f6\u00dfen werden jedoch derartige externe Links unverz\u00fcglich gel\u00f6scht.<br \/>\n3. Urheber- und Leistungsschutzrechte<br \/>\nDie auf dieser Website ver\u00f6ffentlichten Inhalte unterliegen dem deutschen Urheber- und Leistungsschutzrecht. Jede vom deutschen Urheber- und Leistungsschutzrecht nicht zugelassene Verwertung bedarf der vorherigen schriftlichen Zustimmung des Anbieters oder jeweiligen Rechteinhabers. Dies gilt insbesondere f\u00fcr Vervielf\u00e4ltigung, Bearbeitung, \u00dcbersetzung, Einspeicherung, Verarbeitung bzw. Wiedergabe von Inhalten in Datenbanken oder anderen elektronischen Medien und Systemen. Inhalte und Rechte Dritter sind dabei als solche gekennzeichnet. Die unerlaubte Vervielf\u00e4ltigung oder Weitergabe einzelner Inhalte oder kompletter Seiten ist nicht gestattet und strafbar. Lediglich die Herstellung von Kopien und Downloads f\u00fcr den pers\u00f6nlichen, privaten und nicht kommerziellen Gebrauch ist erlaubt.<br \/>\nDie Darstellung dieser Website in fremden Frames ist nur mit schriftlicher Erlaubnis zul\u00e4ssig.<br \/>\n4. Datenschutz[1]<br \/>\nDer Anbieter weist ausdr\u00fccklich darauf hin, dass die Daten\u00fcbertragung im Internet (z.B. bei der Kommunikation per E-Mail) Sicherheitsl\u00fccken aufweisen und nicht l\u00fcckenlos vor dem Zugriff durch Dritte gesch\u00fctzt werden kann.<br \/>\nDie Verwendung der Kontaktdaten des Impressums zur gewerblichen Werbung ist ausdr\u00fccklich nicht erw\u00fcnscht, es sei denn der Anbieter hatte zuvor seine schriftliche Einwilligung erteilt oder es besteht bereits eine Gesch\u00e4ftsbeziehung. Der Anbieter und alle auf dieser Website genannten Personen widersprechen hiermit jeder kommerziellen Verwendung und Weitergabe ihrer Daten.<br \/>\nPersonenbezogene Daten<br \/>\nSie k\u00f6nnen unsere Webseite ohne Angabe personenbezogener Daten besuchen. Soweit auf unseren Seiten personenbezogene Daten (wie Name, Anschrift oder E-Mail Adresse) erhoben werden, erfolgt dies, soweit m\u00f6glich, auf freiwilliger Basis. Diese Daten werden ohne Ihre ausdr\u00fcckliche Zustimmung nicht an Dritte weitergegeben. Sofern zwischen Ihnen und uns ein Vertragsverh\u00e4ltnis begr\u00fcndet, inhaltlich ausgestaltet oder ge\u00e4ndert werden soll oder Sie an uns eine Anfrage stellen, erheben und verwenden wir personenbezogene Daten von Ihnen, soweit dies zu diesen Zwecken erforderlich ist (Bestandsdaten). Wir erheben, verarbeiten und nutzen personenbezogene Daten soweit dies erforderlich ist, um Ihnen die Inanspruchnahme des Webangebots zu erm\u00f6glichen (Nutzungsdaten). S\u00e4mtliche personenbezogenen Daten werden nur solange gespeichert wie dies f\u00fcr den geannten Zweck (Bearbeitung Ihrer Anfrage oder Abwicklung eines Vertrags) erforderlich ist. Hierbei werden steuer- und handelsrechtliche Aufbewahrungsfristen ber\u00fccksichtigt. Auf Anordnung der zust\u00e4ndigen Stellen d\u00fcrfen wir im Einzelfall Auskunft \u00fcber diese Daten (Bestandsdaten) erteilen, soweit dies f\u00fcr Zwecke der Strafverfolgung, zur Gefahrenabwehr, zur Erf\u00fcllung der gesetzlichen Aufgaben der Verfassungsschutzbeh\u00f6rden oder des Milit\u00e4rischen Abschirmdienstes oder zur Durchsetzung der Rechte am geistigen Eigentum erforderlich ist.<br \/>\nKommentarfunktionen<br \/>\nIm Rahmen der Kommentarfunktion erheben wir personenbezogene Daten (z.B. Name, E-Mail) im Rahmen Ihrer Kommentierung zu einem Beitrag nur in dem Umfang wie Sie ihn uns mitgeteilt haben. Bei der Ver\u00f6ffentlichung eines Kommentars wird die von Ihnen angegebene Email-Adresse gespeichert, aber nicht ver\u00f6ffentlicht. Ihr Name wird ver\u00f6ffentlicht, wenn Sie nicht unter Pseudonym geschrieben haben.<br \/>\nDatenschutzerkl\u00e4rung f\u00fcr Cookies<br \/>\nEs werden sog. Cookies zum Wiedererkennen mehrfacher Nutzung unseres Angebots durch denselben Nutzer eingesetzt. Cookies sind kleine Textdateien, die Ihr Internet-Browser auf Ihrem Rechner ablegt und speichert. Wenn Sie unsere Seite erneut aufrufen, geben diese Cookies Informationen ab, um Sie automatisch wiederzuerkennen. Die so erlangten Informationen dienen dazu, unsere Angebote zu optimieren und Ihnen einen leichteren Zugang auf unsere Seite zu erm\u00f6glichen.<br \/>\nDas Speichern von Cookies auf Ihrer Festplatte k\u00f6nnen Sie allgemein verhindern, indem Sie in Ihren Browser-Einstellungen \u201ekeine Cookies akzeptieren\u201c w\u00e4hlen. Dies kann aber eine Funktionseinschr\u00e4nkung unserer Angebote zur Folge haben.<\/p>\n ","protected":false},"excerpt":{"rendered":"<p>Anbieter: Oktaneum Arndt Hovestadt Fresnostra\u00dfe 18 48159 M\u00fcnster Telefon: 02512843232 &nbsp; Kontakt: Oktaneum Arndt Hovestadt Fresnostra\u00dfe 18 48159 M\u00fcnster Telefon: 02512843030 Verantwortlich nach \u00a7 6 Abs.2 MDStV Arndt Hovestadt DISCLAIMER 1. Warnhinweis zu Inhalten Die kostenlosen und frei zug\u00e4nglichen Inhalte dieser Webseite wurden mit gr\u00f6\u00dftm\u00f6glicher Sorgfalt erstellt. Der Anbieter dieser Webseite \u00fcbernimmt jedoch keine Gew\u00e4hr [&hellip;]<\/p>\n","protected":false},"author":1,"featured_media":0,"parent":0,"menu_order":0,"comment_status":"closed","ping_status":"closed","template":"template-page-center.php","meta":{"ngg_post_thumbnail":0,"footnotes":"","_links_to":"","_links_to_target":""},"class_list":["post-2264","page","type-page","status-publish","hentry"],"yoast_head":"<!-- This site is optimized with the Yoast SEO plugin v23.0 - https:\/\/yoast.com\/wordpress\/plugins\/seo\/ -->\n<title>Impressum - Oktaneum<\/title>\n<meta name=\"robots\" content=\"index, follow, max-snippet:-1, max-image-preview:large, max-video-preview:-1\" \/>\n<link rel=\"canonical\" href=\"https:\/\/oktaneum.de\/index.php\/impressum\/\" \/>\n<meta property=\"og:locale\" content=\"de_DE\" \/>\n<meta property=\"og:type\" content=\"article\" \/>\n<meta property=\"og:title\" content=\"Impressum - Oktaneum\" \/>\n<meta property=\"og:description\" content=\"Anbieter: Oktaneum Arndt Hovestadt Fresnostra\u00dfe 18 48159 M\u00fcnster Telefon: 02512843232 &nbsp; Kontakt: Oktaneum Arndt Hovestadt Fresnostra\u00dfe 18 48159 M\u00fcnster Telefon: 02512843030 Verantwortlich nach \u00a7 6 Abs.2 MDStV Arndt Hovestadt DISCLAIMER 1. Warnhinweis zu Inhalten Die kostenlosen und frei zug\u00e4nglichen Inhalte dieser Webseite wurden mit gr\u00f6\u00dftm\u00f6glicher Sorgfalt erstellt. Der Anbieter dieser Webseite \u00fcbernimmt jedoch keine Gew\u00e4hr [&hellip;]\" \/>\n<meta property=\"og:url\" content=\"https:\/\/oktaneum.de\/index.php\/impressum\/\" \/>\n<meta property=\"og:site_name\" content=\"Oktaneum\" \/>\n<meta property=\"article:modified_time\" content=\"2021-04-08T12:43:11+00:00\" \/>\n<meta name=\"twitter:card\" content=\"summary_large_image\" \/>\n<meta name=\"twitter:label1\" content=\"Gesch\u00e4tzte Lesezeit\" \/>\n\t<meta name=\"twitter:data1\" content=\"4\u00a0Minuten\" \/>\n<script type=\"application\/ld+json\" class=\"yoast-schema-graph\">{\"@context\":\"https:\/\/schema.org\",\"@graph\":[{\"@type\":\"WebPage\",\"@id\":\"https:\/\/oktaneum.de\/index.php\/impressum\/\",\"url\":\"https:\/\/oktaneum.de\/index.php\/impressum\/\",\"name\":\"Impressum - Oktaneum\",\"isPartOf\":{\"@id\":\"https:\/\/oktaneum.de\/#website\"},\"datePublished\":\"2020-06-05T10:34:35+00:00\",\"dateModified\":\"2021-04-08T12:43:11+00:00\",\"breadcrumb\":{\"@id\":\"https:\/\/oktaneum.de\/index.php\/impressum\/#breadcrumb\"},\"inLanguage\":\"de\",\"potentialAction\":[{\"@type\":\"ReadAction\",\"target\":[\"https:\/\/oktaneum.de\/index.php\/impressum\/\"]}]},{\"@type\":\"BreadcrumbList\",\"@id\":\"https:\/\/oktaneum.de\/index.php\/impressum\/#breadcrumb\",\"itemListElement\":[{\"@type\":\"ListItem\",\"position\":1,\"name\":\"Home\",\"item\":\"https:\/\/oktaneum.de\/\"},{\"@type\":\"ListItem\",\"position\":2,\"name\":\"Impressum\"}]},{\"@type\":\"WebSite\",\"@id\":\"https:\/\/oktaneum.de\/#website\",\"url\":\"https:\/\/oktaneum.de\/\",\"name\":\"Oktaneum\",\"description\":\"\",\"potentialAction\":[{\"@type\":\"SearchAction\",\"target\":{\"@type\":\"EntryPoint\",\"urlTemplate\":\"https:\/\/oktaneum.de\/?s={search_term_string}\"},\"query-input\":\"required name=search_term_string\"}],\"inLanguage\":\"de\"}]}<\/script>\n<!-- \/ Yoast SEO plugin. -->","yoast_head_json":{"title":"Impressum - Oktaneum","robots":{"index":"index","follow":"follow","max-snippet":"max-snippet:-1","max-image-preview":"max-image-preview:large","max-video-preview":"max-video-preview:-1"},"canonical":"https:\/\/oktaneum.de\/index.php\/impressum\/","og_locale":"de_DE","og_type":"article","og_title":"Impressum - Oktaneum","og_description":"Anbieter: Oktaneum Arndt Hovestadt Fresnostra\u00dfe 18 48159 M\u00fcnster Telefon: 02512843232 &nbsp; Kontakt: Oktaneum Arndt Hovestadt Fresnostra\u00dfe 18 48159 M\u00fcnster Telefon: 02512843030 Verantwortlich nach \u00a7 6 Abs.2 MDStV Arndt Hovestadt DISCLAIMER 1. Warnhinweis zu Inhalten Die kostenlosen und frei zug\u00e4nglichen Inhalte dieser Webseite wurden mit gr\u00f6\u00dftm\u00f6glicher Sorgfalt erstellt. Der Anbieter dieser Webseite \u00fcbernimmt jedoch keine Gew\u00e4hr [&hellip;]","og_url":"https:\/\/oktaneum.de\/index.php\/impressum\/","og_site_name":"Oktaneum","article_modified_time":"2021-04-08T12:43:11+00:00","twitter_card":"summary_large_image","twitter_misc":{"Gesch\u00e4tzte Lesezeit":"4\u00a0Minuten"},"schema":{"@context":"https:\/\/schema.org","@graph":[{"@type":"WebPage","@id":"https:\/\/oktaneum.de\/index.php\/impressum\/","url":"https:\/\/oktaneum.de\/index.php\/impressum\/","name":"Impressum - Oktaneum","isPartOf":{"@id":"https:\/\/oktaneum.de\/#website"},"datePublished":"2020-06-05T10:34:35+00:00","dateModified":"2021-04-08T12:43:11+00:00","breadcrumb":{"@id":"https:\/\/oktaneum.de\/index.php\/impressum\/#breadcrumb"},"inLanguage":"de","potentialAction":[{"@type":"ReadAction","target":["https:\/\/oktaneum.de\/index.php\/impressum\/"]}]},{"@type":"BreadcrumbList","@id":"https:\/\/oktaneum.de\/index.php\/impressum\/#breadcrumb","itemListElement":[{"@type":"ListItem","position":1,"name":"Home","item":"https:\/\/oktaneum.de\/"},{"@type":"ListItem","position":2,"name":"Impressum"}]},{"@type":"WebSite","@id":"https:\/\/oktaneum.de\/#website","url":"https:\/\/oktaneum.de\/","name":"Oktaneum","description":"","potentialAction":[{"@type":"SearchAction","target":{"@type":"EntryPoint","urlTemplate":"https:\/\/oktaneum.de\/?s={search_term_string}"},"query-input":"required name=search_term_string"}],"inLanguage":"de"}]}},"_links":{"self":[{"href":"https:\/\/oktaneum.de\/index.php\/wp-json\/wp\/v2\/pages\/2264"}],"collection":[{"href":"https:\/\/oktaneum.de\/index.php\/wp-json\/wp\/v2\/pages"}],"about":[{"href":"https:\/\/oktaneum.de\/index.php\/wp-json\/wp\/v2\/types\/page"}],"author":[{"embeddable":true,"href":"https:\/\/oktaneum.de\/index.php\/wp-json\/wp\/v2\/users\/1"}],"replies":[{"embeddable":true,"href":"https:\/\/oktaneum.de\/index.php\/wp-json\/wp\/v2\/comments?post=2264"}],"version-history":[{"count":6,"href":"https:\/\/oktaneum.de\/index.php\/wp-json\/wp\/v2\/pages\/2264\/revisions"}],"predecessor-version":[{"id":3498,"href":"https:\/\/oktaneum.de\/index.php\/wp-json\/wp\/v2\/pages\/2264\/revisions\/3498"}],"wp:attachment":[{"href":"https:\/\/oktaneum.de\/index.php\/wp-json\/wp\/v2\/media?parent=2264"}],"curies":[{"name":"wp","href":"https:\/\/api.w.org\/{rel}","templated":true}]}}